{"id":74,"date":"2025-09-29T08:45:44","date_gmt":"2025-09-29T11:45:44","guid":{"rendered":"https:\/\/merciabargadoadvogada.com\/index.php\/contact-us\/"},"modified":"2026-01-16T19:11:20","modified_gmt":"2026-01-16T22:11:20","slug":"contactos","status":"publish","type":"page","link":"https:\/\/merciabargadoadvogada.com\/index.php\/contactos\/","title":{"rendered":"Contactos"},"content":{"rendered":"\n<div class=\"section-wrapper\" data-id=\"WtRO6p\"><section class=\"wp-block-gutenverse-section guten-element guten-section guten-WtRO6p layout-fullwidth align-middle\" id=\"firmly-header\"><div class=\"guten-container guten-column-gap-no\">\n<div class=\"wp-block-gutenverse-column guten-element guten-column guten-qO7Qdd\"><div class=\"guten-column-wrapper\" data-id=\"qO7Qdd\">\n<div class=\"wp-block-gutenverse-image guten-element guten-image guten-h0NLF7\"><div class=\"guten-image-wrapper\"><img fetchpriority=\"high\" decoding=\"async\" class=\"gutenverse-image-box-filled\" src=\"https:\/\/merciabargadoadvogada.com\/wp-content\/uploads\/2025\/09\/logo-type-1.png\" height=\"311\" width=\"800\"\/><\/div><\/div>\n<\/div><\/div>\n\n\n\n<div class=\"wp-block-gutenverse-column guten-element guten-column guten-5I4wDX\"><div class=\"guten-column-wrapper\" data-id=\"5I4wDX\"><div id=\"guten-awQZMn\" class=\"guten-element guten-nav-menu nav-menu break-point-tablet submenu-click-title \" data-item-indicator=\"gtn gtn-angle-down-solid\" data-item-indicator-type=\"icon\" data-item-indicator-svg=\"\" data-close-on-click=\"1\" aria-label=\"\">\n\t\t\t<div class=\"gutenverse-hamburger-wrapper\">\n\t\t\t\t<button class=\"gutenverse-hamburger-menu\" aria-label=\"\">\n\t\t\t\t<i aria-hidden=\"true\" class=\"gtn gtn-bars-solid\"><\/i>\n\t\t\t\t<\/button>\n\t\t\t<\/div>\n\t\t\t\n\t\t\t<div class=\"gutenverse-menu-wrapper\"><div class=\"gutenverse-menu-container\"><ul id=\"menu-firmly-1\" class=\"gutenverse-menu\"><li id=\"menu-item-295\" class=\"menu-item-295  menu-item menu-item-type-post_type menu-item-object-page menu-item-home\"><a href=\"javascript:void(0);\" data-href=\"https:\/\/merciabargadoadvogada.com\/\" aria-label=\"In\u00edcio\">In\u00edcio<\/a><\/li>\n<li id=\"menu-item-294\" class=\"menu-item-294  menu-item menu-item-type-post_type menu-item-object-page\"><a href=\"javascript:void(0);\" data-href=\"https:\/\/merciabargadoadvogada.com\/index.php\/sobre_nos\/\" aria-label=\"Sobre N\u00f3s\">Sobre N\u00f3s<\/a><\/li>\n<li id=\"menu-item-364\" class=\"menu-item-364  menu-item menu-item-type-post_type menu-item-object-page\"><a href=\"javascript:void(0);\" data-href=\"https:\/\/merciabargadoadvogada.com\/index.php\/areas-de-actuacao-juridica\/\" aria-label=\"\u00c1reas de Actua\u00e7\u00e3o Jur\u00eddica\">\u00c1reas de Actua\u00e7\u00e3o Jur\u00eddica<\/a><\/li>\n<li id=\"menu-item-296\" class=\"menu-item-296  menu-item menu-item-type-post_type menu-item-object-page\"><a href=\"javascript:void(0);\" data-href=\"https:\/\/merciabargadoadvogada.com\/index.php\/artigos\/\" aria-label=\"Artigos\">Artigos<\/a><\/li>\n<li id=\"menu-item-297\" class=\"menu-item-297  menu-item menu-item-type-post_type menu-item-object-page\"><a href=\"javascript:void(0);\" data-href=\"https:\/\/merciabargadoadvogada.com\/index.php\/contactos\/\" aria-label=\"Contactos\">Contactos<\/a><\/li>\n<\/ul><\/div>\n\t\t\t\t<div>\n\t\t\t\t\t<div class=\"gutenverse-nav-identity-panel\">\n\t\t\t\t\t\t<div class=\"gutenverse-nav-site-title\">\n\t\t\t\t\t\t\t<a aria-label=\"\" href=\"https:\/\/merciabargadoadvogada.com\" class=\"gutenverse-nav-logo\"><img decoding=\"async\" loading=\"eager\" src=\"https:\/\/merciabargadoadvogada.com\/wp-content\/uploads\/2025\/09\/logo-type-1.png\" alt=\"M\u00e9rcia Bargado - Humanidade, compromisso e assertividade\" width=\"800\" height=\"311\"><\/a>\n\t\t\t\t\t\t<\/div>\n\t\t\t\t\t\t<button class=\"gutenverse-close-menu\" aria-label=\"\"><i aria-hidden=\"true\" class=\"gtn gtn-times-solid\"><\/i><\/button>\n\t\t\t\t\t<\/div>\n\t\t\t\t<\/div>\n\t\t\t<\/div>\n\t\t<\/div><\/div><\/div>\n<\/div><\/section><\/div>\n\n\n\n<div class=\"section-wrapper\" data-id=\"uaqLh1\"><section class=\"wp-block-gutenverse-section guten-element guten-section guten-uaqLh1 layout-boxed align-stretch\"><div class=\"guten-background-overlay\"><\/div><div class=\"guten-container guten-column-gap-no\">\n<div class=\"wp-block-gutenverse-column guten-element guten-column guten-AuANOx\"><div class=\"guten-column-wrapper\" data-id=\"AuANOx\">\n<h1 class=\"wp-block-gutenverse-heading guten-element guten-wJJYmO\">A Nossa Equipa Est\u00e1 ao Seu Dispor<\/h1>\n\n\n\n<div class=\"guten-element gutenverse-text-editor guten-FjX1l6\"><div class=\"text-content-inner\">\n<p>Quer precise de <strong>orienta\u00e7\u00e3o jur\u00eddica<\/strong>, <strong>aconselhamento personalizado<\/strong> ou tenha <strong>quest\u00f5es espec\u00edficas sobre o seu caso<\/strong>, a nossa equipa est\u00e1 dispon\u00edvel para o ajudar com <strong>profissionalismo e discri\u00e7\u00e3o<\/strong>.<\/p>\n<\/div><\/div>\n\n\n\n<div class=\"section-wrapper\" data-id=\"69Pbyj\"><section class=\"wp-block-gutenverse-section guten-element guten-section guten-69Pbyj layout-boxed align-stretch\"><div class=\"guten-container guten-column-gap-no\">\n<div class=\"wp-block-gutenverse-column guten-element guten-column guten-zG8FL1\"><div class=\"guten-column-wrapper\" data-id=\"zG8FL1\">\n<div class=\"guten-element guten-NKrHNL guten-icon-box icon-position-top\"><a class=\"\" href=\"https:\/\/wa.me\/244934385018?text=Sauda\u00e7\u00f5es%20prezados.%20Entrei%20em%20contacto%20atrav\u00e9s%20do%20website%20e%20gostaria%20de%20obter%20mais%20informa\u00e7\u00f5es%20sobre%20os%20vossos%20servi\u00e7os%20jur\u00eddicos.%20Fico%20a%20aguardar%20o%20vosso%20retorno.%20Cumprimentos.\"><div class=\"guten-icon-box-wrapper hover-from-left\"><div class=\"icon-box icon-box-header\"><div class=\"icon bg-style-color\"><i class=\"fas fa-phone icon-style-color\"><\/i><\/div><\/div><div class=\"icon-box icon-box-body\"><h3 class=\"title\">Telefone \/ Whatsapp<\/h3><p class=\"icon-box-description\">+244 934 385 018<\/p><\/div><\/div><\/a><\/div>\n<\/div><\/div>\n\n\n\n<div class=\"wp-block-gutenverse-column guten-element guten-column guten-xAI8y3\"><div class=\"guten-column-wrapper\" data-id=\"xAI8y3\">\n<div class=\"guten-element guten-2ZKffL guten-icon-box icon-position-top\"><a class=\"\" href=\"#\"><div class=\"guten-icon-box-wrapper hover-from-left\"><div class=\"icon-box icon-box-header\"><div class=\"icon bg-style-color\"><i class=\"fas fa-envelope icon-style-color\"><\/i><\/div><\/div><div class=\"icon-box icon-box-body\"><h3 class=\"title\">Correio Electr\u00f3nico<\/h3><p class=\"icon-box-description\">advogada@<br>merciabargadoadvogada.com<\/p><\/div><\/div><\/a><\/div>\n<\/div><\/div>\n\n\n\n<div class=\"wp-block-gutenverse-column guten-element guten-column guten-SCGrLp\"><div class=\"guten-column-wrapper\" data-id=\"SCGrLp\">\n<div class=\"guten-element guten-qQ7T3K guten-icon-box icon-position-top\"><a class=\"\" href=\"#\"><div class=\"guten-icon-box-wrapper hover-from-left\"><div class=\"icon-box icon-box-header\"><div class=\"icon bg-style-color\"><i class=\"fas fa-map-marker-alt icon-style-color\"><\/i><\/div><\/div><div class=\"icon-box icon-box-body\"><h3 class=\"title\">Atendimento Presencial<\/h3><p class=\"icon-box-description\">Casa 113, Rua Dr. Ant\u00f3nio Agostinho Neto, Bairro Azul, Luanda.<\/p><\/div><\/div><\/a><\/div>\n<\/div><\/div>\n<\/div><\/section><\/div>\n<\/div><\/div>\n<\/div><\/section><\/div>\n\n\n\n<div class=\"section-wrapper\" data-id=\"fTbPdg\"><section class=\"wp-block-gutenverse-section guten-element guten-section guten-fTbPdg layout-boxed align-stretch\"><div class=\"guten-container guten-column-gap-no\">\n<div class=\"wp-block-gutenverse-column guten-element guten-column guten-VyEr9Q\"><div class=\"guten-column-wrapper\" data-id=\"VyEr9Q\">\n<h2 class=\"wp-block-gutenverse-heading guten-element guten-zFp6nv\">Marca\u00e7\u00e3o de  consulta<\/h2>\n\n\n\n<div class=\"guten-element gutenverse-maps guten-maps guten-tAmXZo animated guten-element-hide desktop-fadeInDown\" data-src=\"https:\/\/maps.google.com\/maps?q=Mercia%20Bargado&amp;z=17&amp;t=m&amp;output=embed&amp;iwloc=near\"><iframe frameborder=\"0\" scrolling=\"no\" marginheight=\"0\" marginwidth=\"0\" src=\"\" title=\"Mercia Bargado\"><\/iframe><\/div>\n<\/div><\/div>\n\n\n\n<div class=\"wp-block-gutenverse-column guten-element guten-column guten-vMwJnx\"><div class=\"guten-column-wrapper\" data-id=\"vMwJnx\">\n\n<div class=\"wpcf7 no-js\" id=\"wpcf7-f269-o1\" lang=\"pt-BR\" dir=\"ltr\" data-wpcf7-id=\"269\">\n<div class=\"screen-reader-response\"><p role=\"status\" aria-live=\"polite\" aria-atomic=\"true\"><\/p> <ul><\/ul><\/div>\n<form action=\"\/index.php\/wp-json\/wp\/v2\/pages\/74#wpcf7-f269-o1\" method=\"post\" class=\"wpcf7-form init\" aria-label=\"Formul\u00e1rios de contato\" novalidate=\"novalidate\" data-status=\"init\">\n<fieldset class=\"hidden-fields-container\"><input type=\"hidden\" name=\"_wpcf7\" value=\"269\" \/><input type=\"hidden\" name=\"_wpcf7_version\" value=\"6.1.4\" \/><input type=\"hidden\" name=\"_wpcf7_locale\" value=\"pt_BR\" \/><input type=\"hidden\" name=\"_wpcf7_unit_tag\" value=\"wpcf7-f269-o1\" \/><input type=\"hidden\" name=\"_wpcf7_container_post\" value=\"0\" \/><input type=\"hidden\" name=\"_wpcf7_posted_data_hash\" value=\"\" \/>\n<\/fieldset>\n<div class=\"consulta-form-wrapper\">\n\t<h3>Agende a Sua Consulta\n\t<\/h3>\n\t<p>Preencha o formul\u00e1rio abaixo para marcar uma consulta com a nossa equipa jur\u00eddica.\n\t<\/p>\n\t<div class=\"form-row\">\n\t\t<div class=\"form-col\">\n\t\t\t<p><span class=\"wpcf7-form-control-wrap\" data-name=\"nome\"><input size=\"40\" maxlength=\"400\" class=\"wpcf7-form-control wpcf7-text wpcf7-validates-as-required\" aria-required=\"true\" aria-invalid=\"false\" placeholder=\"Nome Completo\" value=\"\" type=\"text\" name=\"nome\" \/><\/span>\n\t\t\t<\/p>\n\t\t<\/div>\n\t\t<div class=\"form-col\">\n\t\t\t<p><span class=\"wpcf7-form-control-wrap\" data-name=\"email\"><input size=\"40\" maxlength=\"400\" class=\"wpcf7-form-control wpcf7-email wpcf7-validates-as-required wpcf7-text wpcf7-validates-as-email\" aria-required=\"true\" aria-invalid=\"false\" placeholder=\"E-mail\" value=\"\" type=\"email\" name=\"email\" \/><\/span>\n\t\t\t<\/p>\n\t\t<\/div>\n\t<\/div>\n\t<div class=\"form-row\">\n\t\t<div class=\"form-col\">\n\t\t\t<p><span class=\"wpcf7-form-control-wrap\" data-name=\"telefone\"><input size=\"40\" maxlength=\"400\" class=\"wpcf7-form-control wpcf7-tel wpcf7-validates-as-required wpcf7-text wpcf7-validates-as-tel\" aria-required=\"true\" aria-invalid=\"false\" placeholder=\"Telefone\" value=\"\" type=\"tel\" name=\"telefone\" \/><\/span>\n\t\t\t<\/p>\n\t\t<\/div>\n\t\t<div class=\"form-col\">\n\t\t\t<p><span class=\"wpcf7-form-control-wrap\" data-name=\"assunto\"><input size=\"40\" maxlength=\"400\" class=\"wpcf7-form-control wpcf7-text\" aria-invalid=\"false\" placeholder=\"Assunto da Consulta\" value=\"\" type=\"text\" name=\"assunto\" \/><\/span>\n\t\t\t<\/p>\n\t\t<\/div>\n\t<\/div>\n\t<div class=\"form-row\">\n\t\t<div class=\"form-col\">\n\t\t\t<p><label>Dia da Consulta<\/label><br \/>\n<span class=\"wpcf7-form-control-wrap\" data-name=\"dia\"><select class=\"wpcf7-form-control wpcf7-select wpcf7-validates-as-required\" aria-required=\"true\" aria-invalid=\"false\" name=\"dia\"><option value=\"\">&#8212;Escolha uma op\u00e7\u00e3o&#8212;<\/option><option value=\"Quarta-feira\">Quarta-feira<\/option><option value=\"Sexta-feira\">Sexta-feira<\/option><option value=\"S\u00e1bado\">S\u00e1bado<\/option><\/select><\/span>\n\t\t\t<\/p>\n\t\t<\/div>\n\t\t<div class=\"form-col\">\n\t\t\t<p><label>Hor\u00e1rio<\/label><br \/>\n<span class=\"wpcf7-form-control-wrap\" data-name=\"horario\"><select class=\"wpcf7-form-control wpcf7-select wpcf7-validates-as-required\" aria-required=\"true\" aria-invalid=\"false\" name=\"horario\"><option value=\"\">&#8212;Escolha uma op\u00e7\u00e3o&#8212;<\/option><option value=\"09:00 - 10:00\">09:00 - 10:00<\/option><option value=\"10:00 - 11:00\">10:00 - 11:00<\/option><option value=\"11:00 - 12:00\">11:00 - 12:00<\/option><option value=\"14:00 - 15:00\">14:00 - 15:00<\/option><option value=\"15:00 - 16:00\">15:00 - 16:00<\/option><option value=\"16:00 - 17:00\">16:00 - 17:00<\/option><\/select><\/span>\n\t\t\t<\/p>\n\t\t<\/div>\n\t<\/div>\n\t<div class=\"form-row\">\n\t\t<div class=\"form-col\">\n\t\t\t<p><label>Modalidade da Consulta<\/label><br \/>\n<span class=\"wpcf7-form-control-wrap\" data-name=\"modalidade\"><select class=\"wpcf7-form-control wpcf7-select wpcf7-validates-as-required\" aria-required=\"true\" aria-invalid=\"false\" name=\"modalidade\"><option value=\"\">&#8212;Escolha uma op\u00e7\u00e3o&#8212;<\/option><option value=\"Presencial - Normal (prazo at\u00e9 5 dias \u00fateis)\">Presencial - Normal (prazo at\u00e9 5 dias \u00fateis)<\/option><option value=\"Presencial - Urgente (atendimento em at\u00e9 24h ap\u00f3s confirma\u00e7\u00e3o do pagamento)\">Presencial - Urgente (atendimento em at\u00e9 24h ap\u00f3s confirma\u00e7\u00e3o do pagamento)<\/option><option value=\"Online - Normal (prazo at\u00e9 5 dias \u00fateis)\">Online - Normal (prazo at\u00e9 5 dias \u00fateis)<\/option><option value=\"Online - Urgente (atendimento em at\u00e9 24h ap\u00f3s confirma\u00e7\u00e3o do pagamento)\">Online - Urgente (atendimento em at\u00e9 24h ap\u00f3s confirma\u00e7\u00e3o do pagamento)<\/option><\/select><\/span>\n\t\t\t<\/p>\n\t\t<\/div>\n\t\t<div class=\"form-col\">\n\t\t\t<p><label>Plataforma Preferida<\/label><br \/>\n<span class=\"wpcf7-form-control-wrap\" data-name=\"preferencia\"><input size=\"40\" maxlength=\"400\" class=\"wpcf7-form-control wpcf7-text\" aria-invalid=\"false\" placeholder=\"Zoom, Teams, WhatsApp, Google Meet...\" value=\"\" type=\"text\" name=\"preferencia\" \/><\/span>\n\t\t\t<\/p>\n\t\t<\/div>\n\t<\/div>\n\t<div class=\"form-row\">\n\t\t<div class=\"form-col-full\">\n\t\t\t<p><span class=\"wpcf7-form-control-wrap\" data-name=\"mensagem\"><textarea cols=\"40\" rows=\"10\" maxlength=\"2000\" class=\"wpcf7-form-control wpcf7-textarea\" aria-invalid=\"false\" placeholder=\"Descreva em 10 palavras o motivo da consulta\" name=\"mensagem\"><\/textarea><\/span>\n\t\t\t<\/p>\n\t\t<\/div>\n\t<\/div>\n\t<div class=\"form-row\">\n\t\t<div class=\"form-col-full\">\n\t\t\t<p><input class=\"wpcf7-form-control wpcf7-submit has-spinner\" type=\"submit\" value=\"Agendar Consulta\" \/>\n\t\t\t<\/p>\n\t\t<\/div>\n\t<\/div>\n<\/div><div class=\"wpcf7-response-output\" aria-hidden=\"true\"><\/div>\n<\/form>\n<\/div>\n\n<\/div><\/div>\n<\/div><\/section><\/div>\n\n\n\n<div class=\"section-wrapper\" data-id=\"uYG35S\"><section class=\"wp-block-gutenverse-section guten-element guten-section guten-uYG35S layout-fullwidth align-stretch\"><div class=\"guten-background-overlay\"><\/div><div class=\"guten-container guten-column-gap-no\">\n<div class=\"wp-block-gutenverse-column guten-element guten-column guten-MGV9Ve\"><div class=\"guten-column-wrapper\" data-id=\"MGV9Ve\">\n<div class=\"section-wrapper\" data-id=\"dzK6e8\"><section class=\"wp-block-gutenverse-section guten-element guten-section guten-dzK6e8 layout-fullwidth align-stretch\"><div class=\"guten-container guten-column-gap-no\">\n<div class=\"wp-block-gutenverse-column guten-element guten-column guten-nef9En\"><div class=\"guten-column-wrapper\" data-id=\"nef9En\">\n<div class=\"guten-element guten-social-icons guten-SlXmpp circle horizontal fill\">\n<div class=\"guten-element guten-social-icon guten-GjINbT facebook\"><a id=\"guten-GjINbT\" href=\"https:\/\/www.facebook.com\/zaida.bargado\"><i class=\"fab fa-facebook-f\"><\/i><\/a><\/div>\n\n\n\n<div class=\"guten-element guten-social-icon guten-cYw7jR instagram\"><a id=\"guten-cYw7jR\" href=\"https:\/\/www.instagram.com\/merciabargadoadvogada\/\"><i class=\"fab fa-instagram\"><\/i><\/a><\/div>\n\n\n\n<div class=\"guten-element guten-social-icon guten-pLyNqU link\"><a id=\"guten-pLyNqU\" href=\"https:\/\/www.linkedin.com\/in\/m%C3%A9rcia-bargado-311752177\/\"><i class=\"fab fa-linkedin-in\"><\/i><\/a><\/div>\n<\/div>\n<\/div><\/div>\n<\/div><\/section><\/div>\n\n\n\n<div class=\"guten-element guten-spacer guten-JL2RhC\"><\/div>\n\n\n\n<div class=\"section-wrapper\" data-id=\"iIRWJ6\"><section class=\"wp-block-gutenverse-section guten-element guten-section guten-iIRWJ6 layout-fullwidth align-stretch\"><div class=\"guten-container guten-column-gap-no\">\n<div class=\"wp-block-gutenverse-column guten-element guten-column guten-DEjhG0\"><div class=\"guten-column-wrapper\" data-id=\"DEjhG0\">\n<div class=\"guten-element guten-icon-list guten-phgIKP\"><div class=\" list-wrapper inline-icon-list\">\n<div class=\"guten-element guten-icon-list-item guten-1VFxkq\"><div class=\"list-divider\"><\/div><a id=\"guten-1VFxkq\"><i class=\"fas fa-envelope\"><\/i><span class=\"list-text \">advogada@merciabargadoadvogada.com<\/span><\/a><\/div>\n<\/div><\/div>\n<\/div><\/div>\n\n\n\n<div class=\"wp-block-gutenverse-column guten-element guten-column guten-cm9QaD\"><div class=\"guten-column-wrapper\" data-id=\"cm9QaD\">\n<div class=\"guten-element guten-icon-list guten-UHzElW\"><div class=\" list-wrapper inline-icon-list\">\n<div class=\"guten-element guten-icon-list-item guten-RbjVv6\"><div class=\"list-divider\"><\/div><a id=\"guten-RbjVv6\" href=\"\/index.php\/inicio\"><i class=\"fas fa-check\"><\/i><span class=\"list-text \">IN\u00cdCIO<\/span><\/a><\/div>\n\n\n\n<div class=\"guten-element guten-icon-list-item guten-oOhoLv\"><div class=\"list-divider\"><\/div><a id=\"guten-oOhoLv\" href=\"\/index.php\/sobre_nos\"><i class=\"fas fa-check\"><\/i><span class=\"list-text \">Sobre n\u00f3s<\/span><\/a><\/div>\n\n\n\n<div class=\"guten-element guten-icon-list-item guten-HhuzxN\"><div class=\"list-divider\"><\/div><a id=\"guten-HhuzxN\" href=\"\/index.php\/artigos\"><i class=\"fas fa-check\"><\/i><span class=\"list-text \">ARTIGOS<\/span><\/a><\/div>\n\n\n\n<div class=\"guten-element guten-icon-list-item guten-MPBs2n hide-mobile\"><div class=\"list-divider\"><\/div><a id=\"guten-MPBs2n\" href=\"\/index.php\/contactos\"><i class=\"fas fa-check\"><\/i><span class=\"list-text \">Contactos<\/span><\/a><\/div>\n<\/div><\/div>\n<\/div><\/div>\n<\/div><\/section><\/div>\n<\/div><\/div>\n<\/div><\/section><\/div>\n\n\n\n<div class=\"section-wrapper guten-section-wrapper section-guten-MHZ0lQ sticky-bottom\" data-id=\"MHZ0lQ\"><section class=\"wp-block-gutenverse-section guten-element guten-section guten-MHZ0lQ layout-fullwidth align-stretch guten-sticky sticky-bottom\"><div class=\"guten-data\"><div data-var=\"stickyDataMHZ0lQ\" data-value=\"{&quot;sticky&quot;:{&quot;Desktop&quot;:true},&quot;stickyShowOn&quot;:&quot;both&quot;,&quot;stickyPosition&quot;:&quot;bottom&quot;,&quot;stickyEase&quot;:&quot;none&quot;,&quot;stickyDuration&quot;:0.25,&quot;topSticky&quot;:{&quot;Desktop&quot;:{&quot;point&quot;:&quot;0&quot;,&quot;unit&quot;:&quot;px&quot;}},&quot;bottomSticky&quot;:{&quot;Desktop&quot;:{&quot;point&quot;:&quot;0&quot;,&quot;unit&quot;:&quot;px&quot;}}}\"><\/div><\/div><div class=\"guten-container guten-column-gap-no\">\n<div class=\"wp-block-gutenverse-column guten-element guten-column guten-qc4Vih\"><div class=\"guten-column-wrapper\" data-id=\"qc4Vih\">\n<div class=\"section-wrapper\" data-id=\"qXR5Mf\"><section class=\"wp-block-gutenverse-section guten-element guten-section guten-qXR5Mf layout-fullwidth align-stretch\"><div class=\"guten-container guten-column-gap-no\">\n<div class=\"wp-block-gutenverse-column guten-element guten-column guten-8UA2oC\"><div class=\"guten-column-wrapper\" data-id=\"8UA2oC\">\n<div class=\"wp-block-gutenverse-image guten-element guten-image guten-8BJHj1\"><div class=\"guten-image-wrapper\"><img decoding=\"async\" class=\"gutenverse-image-box-filled\" src=\"https:\/\/merciabargadoadvogada.com\/wp-content\/uploads\/2025\/09\/logo-type.png\" height=\"311\" width=\"800\"\/><\/div><\/div>\n\n\n\n<div class=\"guten-element gutenverse-text-editor guten-JqGuwY\"><div class=\"text-content-inner\">\n<p>Acreditamos que cada caso merece um acompanhamento pr\u00f3ximo, humano e orientado.<\/p>\n<\/div><\/div>\n<\/div><\/div>\n\n\n\n<div class=\"wp-block-gutenverse-column guten-element guten-column guten-Nlaz3N\"><div class=\"guten-column-wrapper\" data-id=\"Nlaz3N\">\n<div class=\"wp-block-gutenverse-icon guten-element guten-CEm1Q1 guten-icon\"><a class=\"guten-icon-wrapper circle stacked\" href=\"#firmly-header\"><i class=\"gtn gtn-arrow-up-light\"><\/i><\/a><\/div>\n<\/div><\/div>\n<\/div><\/section><\/div>\n\n\n\n<div class=\"section-wrapper\" data-id=\"pGhQ7A\"><section class=\"wp-block-gutenverse-section guten-element guten-section guten-pGhQ7A layout-fullwidth align-stretch\"><div class=\"guten-container guten-column-gap-no\">\n<div class=\"wp-block-gutenverse-column guten-element guten-column guten-tIWWtZ\"><div class=\"guten-column-wrapper\" data-id=\"tIWWtZ\">\n<h6 class=\"wp-block-gutenverse-heading guten-element guten-pQ9rbA\">Desenvolvido po <span id=\"guten-8IquDg\"><span class=\"guten-text-highlight guten-oklNSJ\" id=\"guten-tJt4uK\"> <mark style=\"background-color:rgba(0, 0, 0, 0);color:#83002a\" class=\"has-inline-color\"><a href=\"https:\/\/kristal360.com\/\">Kristal 360.<\/a><\/mark><\/span><\/span><\/h6>\n<\/div><\/div>\n\n\n\n<div class=\"wp-block-gutenverse-column guten-element guten-column guten-PRmuGF\"><div class=\"guten-column-wrapper\" data-id=\"PRmuGF\">\n<h6 class=\"wp-block-gutenverse-heading guten-element guten-FELit3\">Copyright \u00a9 2025. Todos os Direitos Reservados a <span id=\"guten-MUJNbA\"><span class=\"guten-text-highlight guten-nAQghd\" id=\"guten-f2A5Gl\">M\u00e9rcia Bargado<\/span><\/span><\/h6>\n<\/div><\/div>\n<\/div><\/section><\/div>\n<\/div><\/div>\n<\/div><\/section><\/div>\n","protected":false},"excerpt":{"rendered":"","protected":false},"author":1,"featured_media":0,"parent":0,"menu_order":0,"comment_status":"closed","ping_status":"closed","template":"blank-canvas","meta":{"footnotes":""},"class_list":["post-74","page","type-page","status-publish","hentry"],"_links":{"self":[{"href":"https:\/\/merciabargadoadvogada.com\/index.php\/wp-json\/wp\/v2\/pages\/74","targetHints":{"allow":["GET"]}}],"collection":[{"href":"https:\/\/merciabargadoadvogada.com\/index.php\/wp-json\/wp\/v2\/pages"}],"about":[{"href":"https:\/\/merciabargadoadvogada.com\/index.php\/wp-json\/wp\/v2\/types\/page"}],"author":[{"embeddable":true,"href":"https:\/\/merciabargadoadvogada.com\/index.php\/wp-json\/wp\/v2\/users\/1"}],"replies":[{"embeddable":true,"href":"https:\/\/merciabargadoadvogada.com\/index.php\/wp-json\/wp\/v2\/comments?post=74"}],"version-history":[{"count":13,"href":"https:\/\/merciabargadoadvogada.com\/index.php\/wp-json\/wp\/v2\/pages\/74\/revisions"}],"predecessor-version":[{"id":458,"href":"https:\/\/merciabargadoadvogada.com\/index.php\/wp-json\/wp\/v2\/pages\/74\/revisions\/458"}],"wp:attachment":[{"href":"https:\/\/merciabargadoadvogada.com\/index.php\/wp-json\/wp\/v2\/media?parent=74"}],"curies":[{"name":"wp","href":"https:\/\/api.w.org\/{rel}","templated":true}]}}